{"id":70,"date":"2024-10-26T19:40:42","date_gmt":"2024-10-26T17:40:42","guid":{"rendered":"https:\/\/360giornaleluiss.it\/blog\/?post_type=product&#038;p=70"},"modified":"2024-10-30T16:54:13","modified_gmt":"2024-10-30T15:54:13","slug":"diaformrx","status":"publish","type":"product","link":"http:\/\/360giornaleluiss.it\/blog\/product\/diaformrx\/","title":{"rendered":"DiaformRX"},"content":{"rendered":"<table>\n<tbody>\n<tr>\n<td>Sito web<\/td>\n<td>DiaformRX.it<\/td>\n<\/tr>\n<tr>\n<td>Azione<\/td>\n<td>\u2714 Formula naturale per bilanciare naturalmente i livelli di zucchero nel sangue;<br \/>\n\u2714 Normalizza la fame e l&#8217;appetito causati dallo squilibrio del contenuto di zuccheri;<br \/>\n\u2714 Promuove l&#8217;energia e il tono corporeo.<\/td>\n<\/tr>\n<tr>\n<td>Componenti<\/td>\n<td>\u2714 Estratto di gelso bianco;<br \/>\n\u2714 Bioestratto di cannella.<\/td>\n<\/tr>\n<tr>\n<td>Istruzioni per l&#8217;uso<\/td>\n<td>\u2714 Dovresti assumere 2 capsule al giorno.<br \/>\n\u2714 Si bevono prima dei pasti, lavati con abbondante acqua.<br \/>\n\u2714 Il periodo minimo di presentazione della domanda \u00e8 di 1 mese.<\/td>\n<\/tr>\n<tr>\n<td>Volume<\/td>\n<td>30 capsule<\/td>\n<\/tr>\n<tr>\n<td>Prezzo<\/td>\n<td>\ud83d\uded1 49 \u20ac<\/td>\n<\/tr>\n<tr>\n<td>Consegna<\/td>\n<td>Circa 5 giorni<\/td>\n<\/tr>\n<\/tbody>\n<\/table>\n<h2><b>Capsule per il diabete DiaformRX \u2013 come influiscono sui livelli di energia e sul tono quotidiano?<\/b><\/h2>\n<p><img loading=\"lazy\" decoding=\"async\" class=\"aligncenter size-full wp-image-15\" src=\"http:\/\/360giornaleluiss.it\/blog\/wp-content\/uploads\/2023\/12\/DiaformRX-3.jpg\" alt=\"DiaformRX prezzo\" width=\"500\" height=\"334\" srcset=\"https:\/\/360giornaleluiss.it\/blog\/wp-content\/uploads\/2023\/12\/DiaformRX-3.jpg 500w, https:\/\/360giornaleluiss.it\/blog\/wp-content\/uploads\/2023\/12\/DiaformRX-3-300x200.jpg 300w\" sizes=\"(max-width: 500px) 100vw, 500px\" \/><\/p>\n<p>A cosa serve DiaformRX \u2013 biocapsule per il diabete. L&#8217;azienda sta sviluppando un farmaco rivolto alle persone che hanno problemi a mantenere livelli armoniosi di zucchero nel sangue e vogliono avere un effetto positivo sul loro senso di energia e tono durante il giorno. Le capsule rivestite con film contengono solo ingredienti naturali: estratti biologici di gelso bianco e cannella. Le opinioni degli utenti e le recensioni di DiaformRX per il diabete sui forum digitali sulla vita ecologica sono quasi del tutto positive.<\/p>\n<p>Le capsule rivestite con film DiaformRX possono essere ordinate ad un prezzo conveniente corrispondente allo standard di vita medio nel nostro paese compilando il modulo sul loro sito ufficiale. Le capsule per dare energia e aumentare il tono del corpo non si trovano n\u00e9 in farmacia n\u00e9 nei negozi online. La procedura \u00e8 invisibile, veloce e conveniente. Di seguito troverai informazioni pi\u00f9 interessanti su DiaformRX.<\/p>\n<p>Adesso presteremo pi\u00f9 attenzione alle capsule rimosse per un effetto positivo sulla sensazione di energia e tono quotidianoDiaformRX. Le recensioni e le opinioni dei clienti sui forum online sui metodi naturali per mantenere la salute sono per lo pi\u00f9 positive. Scopriamo esattamente come influenzano l&#8217;organismo.<\/p>\n<h2><b>Iperglicemia e come mangiare con la glicemia alta?<\/b><\/h2>\n<p>Molte persone in tutto il mondo soffrono di frequenti variazioni dei livelli medi di zucchero nel sangue, ma in realt\u00e0 non sono diabetiche. Questa malattia \u00e8 solitamente ereditaria, ma ci\u00f2 non significa che non possa svilupparsi anche a causa del consumo eccessivo di cibi dolci o grassi. I sintomi principali includono la cosiddetta \u201cpelle di zucchero\u201d, che si verifica a causa della glicazione.<\/p>\n<p>Se vogliamo contrastare questo fenomeno, ma non possiamo ignorare del tutto la nostra voglia di glucosio, dovremmo sostituire questo tipo di alimenti con prodotti a base di zuccheri naturali. Il sale normale pu\u00f2 anche essere sostituito con sale rosa dell\u2019Himalaya, che ha innumerevoli benefici per la salute.<\/p>\n<p>Infatti, la concentrazione di zucchero nel nostro sangue (glucosio) \u00e8 la principale fonte di energia per le cellule. Non puoi farne a meno, devi solo assicurarti che i livelli rientrino nei limiti normali. L&#8217;assunzione fa s\u00ec che il cervello rilasci dopamina nel corpo, l&#8217;ormone della felicit\u00e0, che spesso porta a una certa forma di dipendenza dai cibi dolci.<\/p>\n<p>L\u2019iperglicemia (pressione alta) \u00e8 solitamente caratterizzata da:<\/p>\n<ul>\n<li aria-level=\"1\">Compromissione del funzionamento del pancreas;<\/li>\n<li aria-level=\"1\">Il corpo non sa come gestire correttamente l\u2019insulina nel sangue.<\/li>\n<\/ul>\n<p>Le contromisure includono:<\/p>\n<ol>\n<li aria-level=\"1\">Adeguamento della dieta attuale;<\/li>\n<li aria-level=\"1\">Cambiamenti nei farmaci attualmente assunti;<\/li>\n<li aria-level=\"1\">Ridurre i livelli di stress nella vita di tutti i giorni;<\/li>\n<li aria-level=\"1\">Incorporare pi\u00f9 attivit\u00e0 fisica nella routine quotidiana;<\/li>\n<li aria-level=\"1\">Mangiare pi\u00f9 verdure e cibi ricchi di fibre e antiossidanti;<\/li>\n<li aria-level=\"1\">Eliminiamo dal menu le bevande gassate, le carni grasse e i dolci.<\/li>\n<\/ol>\n<h2><b>Quali alimenti sono buoni e controindicati per le persone con alti livelli di zucchero?<\/b><\/h2>\n<p>La cosa pi\u00f9 logica che puoi fare per adottare uno stile di vita pi\u00f9 naturale e mantenerti in buona salute durante tutto l\u2019anno \u00e8 eliminare gli alimenti ricchi di carboidrati semplici. Ci\u00f2 include non solo tutti gli alimenti contenenti zucchero, ma anche quelli mescolati o preparati con farina bianca.<\/p>\n<p>Le persone con un alto indice glicemico dovrebbero concentrarsi sul consumo di cibi a basso indice glicemico. Ci\u00f2 significa che il glucosio in essi contenuto viene assorbito dall&#8217;organismo lentamente e gradualmente, il che non provoca un brusco aumento dell&#8217;insulina nel sangue. Un semplice esempio quotidiano che illustra questo fatto \u00e8 mangiare un pomodoro con formaggio, che d\u00e0 energia lentamente, ma con diverse ore di anticipo, invece di un waffle, che d\u00e0 una carica rapida ma a breve termine.<\/p>\n<h2><b>Farmaco per il diabete DiaformRX?<\/b><\/h2>\n<p><img loading=\"lazy\" decoding=\"async\" class=\"aligncenter size-full wp-image-14\" src=\"http:\/\/360giornaleluiss.it\/blog\/wp-content\/uploads\/2023\/12\/DiaformRX-2.jpg\" alt=\"DiaformRX a cosa serve\" width=\"500\" height=\"340\" srcset=\"https:\/\/360giornaleluiss.it\/blog\/wp-content\/uploads\/2023\/12\/DiaformRX-2.jpg 500w, https:\/\/360giornaleluiss.it\/blog\/wp-content\/uploads\/2023\/12\/DiaformRX-2-300x204.jpg 300w\" sizes=\"(max-width: 500px) 100vw, 500px\" \/><\/p>\n<p>Le capsule DiaformRX sono un prodotto potente ma naturale per il trattamento del diabete. Lo scopo del farmaco \u00e8 preservarlo stabilizzando i livelli di zucchero nel sangue. Tra le altre cose, DiaformRX aiuta a normalizzare il metabolismo, rafforzare il sistema immunitario e ripristinare la funzionalit\u00e0 di tutti i sistemi del corpo umano. Le capsule contengono solo ingredienti naturali e ci sono molte prove dirette dell&#8217;efficacia di queste capsule con una composizione sicura e naturale, senza controindicazioni o effetti collaterali.<\/p>\n<h2><b>Quanto \u00e8 efficace il prodotto DiaformRX?<\/b><\/h2>\n<p>Il produttore ritiene che il maggior beneficio derivante dalle DiaformRX risultati reali Natural Capsules sar\u00e0 per le persone che desiderano ottenere pi\u00f9 energia e allo stesso tempo aiutare a controllare i livelli di zucchero nel sangue. L&#8217;assenza di dati sulle controindicazioni spiega le recensioni positive degli utenti. L&#8217;assenza di segni di reazioni allergiche indica che i componenti principali sono ipoallergenici e di origine organica.<\/p>\n<h2><b>Punti di forza delle capsule per il diabete DiaformRX<\/b><\/h2>\n<p>Le caratteristiche positive dei mezzi per mantenere livelli armoniosi di zucchero nel sangue nel corpo sono le seguenti:<\/p>\n<ol>\n<li aria-level=\"1\">Componenti organici della formula biocosmetica;<\/li>\n<li aria-level=\"1\">Le recensioni dei clienti sono positive e non menzionano reazioni avverse;<\/li>\n<li aria-level=\"1\">Effetto positivo sul tono e sull&#8217;immunomodalit\u00e0 funzione ulare del corpo;<\/li>\n<li aria-level=\"1\">Prezzi convenienti, consegna veloce e conveniente.<\/li>\n<\/ol>\n<h2><b>Istruzioni per l&#8217;assunzione del farmaco DiaformRX come si applica<\/b><\/h2>\n<p><img loading=\"lazy\" decoding=\"async\" class=\"aligncenter size-full wp-image-13\" src=\"http:\/\/360giornaleluiss.it\/blog\/wp-content\/uploads\/2023\/12\/DiaformRX-1.jpg\" alt=\"DiaformRX risultati reali\" width=\"500\" height=\"332\" srcset=\"https:\/\/360giornaleluiss.it\/blog\/wp-content\/uploads\/2023\/12\/DiaformRX-1.jpg 500w, https:\/\/360giornaleluiss.it\/blog\/wp-content\/uploads\/2023\/12\/DiaformRX-1-300x199.jpg 300w\" sizes=\"(max-width: 500px) 100vw, 500px\" \/><\/p>\n<p>L&#8217;uso del medicinale per il diabete deve essere conforme alle istruzioni per l&#8217;uso incluse nella confezione delle come usare il capsule DiaformRX. Nel libretto troverai informazioni dettagliate sulla dose esatta, cosa aspettarti e cosa fare se dimentichi di prendere la dose giornaliera in tempo. Si prega di leggere le istruzioni complete prima dell&#8217;assunzione.<\/p>\n<p>Ecco come prendere le capsule DiaformRX:<\/p>\n<ol>\n<li aria-level=\"1\">Dovrebbe assumere 2 capsule al giorno.<\/li>\n<li aria-level=\"1\">Si bevono prima dei pasti, lavati con abbondante acqua.<\/li>\n<li aria-level=\"1\">Il periodo minimo di richiesta \u00e8 di 1 mese.<\/li>\n<\/ol>\n<h2><b>Ingredienti principali della composizione DiaformRX<\/b><\/h2>\n<p>\u00c8 di buona qualit\u00e0 DiaformRX contiene solo ingredienti naturali di origine vegetale. Queste sostanze possono influenzare le condizioni generali del corpo, poich\u00e9 forniscono al corpo vitamine e microelementi vitali. Possono anche aiutare ad abbassare i livelli di zucchero nel sangue, aiutare a eliminare le tossine dal corpo e avere un effetto benefico sul tratto digestivo. Prevengono la degenerazione delle cellule del fegato, regolano i processi metabolici, migliorano lo stato emotivo, migliorano le condizioni generali del corpo, normalizzano il sonno e aumentano l&#8217;immunit\u00e0 generale. DiaformRX ha una composizione naturale e non provoca nemmeno reazioni allergiche.<\/p>\n<p>Gli ingredienti naturali DiaformRX nella composizione organica delle capsule biocosmetiche dovrebbero essere:<\/p>\n<ol>\n<li aria-level=\"1\"><b>Estratto di gelso bianco: <\/b>ricco di riboflavina, che svolge un ruolo importante nella scomposizione dei carboidrati e nella sintesi di ormoni importanti per l&#8217;organismo, oltre a minerali, antiossidanti, vitamine e acidi che favoriscono l&#8217;assorbimento delle vitamine e il funzionamento armonioso dell&#8217;organismo corpo. tratto gastrointestinale.<\/li>\n<li aria-level=\"1\"><b>Bioestratto di cannella: <\/b>ricco di molteplici tipi di polifenoli e flavonoidi che riducono al minimo il glucosio, i trigliceridi e il colesterolo aumentando le lipoproteine \u200b\u200bad alta densit\u00e0. Fluidifica il sangue poich\u00e9 \u00e8 ricco di antiossidanti. Un&#8217;alta concentrazione di fenolo (18%) ha un effetto antinfiammatorio.<\/li>\n<\/ol>\n<h2><b>Ci sono reclami o controindicazioni da DiaformRX?<\/b><\/h2>\n<p>L&#8217;assenza di commenti o reclami circa la comparsa di effetti collaterali DiaformRX o reazioni allergiche indica che il prodotto favorisce un buon tono corporeo. Il che, a sua volta, indica che anche il livello di zucchero nel sangue \u00e8 normale. Sebbene un basso indice glicemico sia una delle condizioni per una buona salute.<\/p>\n<p>Infatti, Funziona realmente DiaformRX ha un certificato di qualit\u00e0 e ha superato numerosi studi clinici. Da loro \u00e8 chiaro che il prodotto non ha controindicazioni.<\/p>\n<h2><b>Capsule DiaformRX &#8211; una truffa?<\/b><\/h2>\n<p><img loading=\"lazy\" decoding=\"async\" class=\"aligncenter size-full wp-image-17\" src=\"http:\/\/360giornaleluiss.it\/blog\/wp-content\/uploads\/2023\/12\/DiaformRX-5.jpg\" alt=\"DiaformRX come usare il\" width=\"500\" height=\"322\" srcset=\"https:\/\/360giornaleluiss.it\/blog\/wp-content\/uploads\/2023\/12\/DiaformRX-5.jpg 500w, https:\/\/360giornaleluiss.it\/blog\/wp-content\/uploads\/2023\/12\/DiaformRX-5-300x193.jpg 300w\" sizes=\"(max-width: 500px) 100vw, 500px\" \/><\/p>\n<p>Se ti stai chiedendo se DiaformRX sia una truffa, la risposta \u00e8 no. Opinioni e recensioni su DiaformRX parlano da sole. Questo prodotto per controllare i livelli di zucchero nel sangue pu\u00f2 essere davvero utile anche come misura preventiva. Il successo di DiaformRX \u00e8 dovuto anche al suo prezzo davvero conveniente. Tieni presente che dopo aver completato il corso non avrai pi\u00f9 bisogno di bere manciate di pillole e di monitorare attivamente i livelli di zucchero nel sangue. Tutto ci\u00f2 migliorer\u00e0 significativamente il tuo tenore di vita.<\/p>\n<h2><b>Punti chiave di efficienza segnalati dai clienti<\/b><\/h2>\n<p>Abbiamo condotto ricerche approfondite su recensioni e opinioni di DiaformRX. Ci\u00f2 ha confermato le promesse del produttore e abbiamo riscontrato che molti utenti erano soddisfatti dei risultati.<\/p>\n<p>Come abbiamo visto, i forum sulla salute online sono pieni di recensioni e opinioni degli utenti su DiaformRX. I clienti sono felici di condividere le loro esperienze e risultati. Abbiamo anche notato che le persone in Germania condividono commenti e opinioni simili su DiaformRX. Hanno confermato che l&#8217;assunzione del farmaco \u00e8 molto semplice e non comporta effetti collaterali o controindicazioni.<\/p>\n<p>Poich\u00e9 le biocapsule sono sul mercato ormai da qualche tempo, il nostro team ha deciso di esaminare anche le recensioni DiaformRX pi\u00f9 recenti. Abbiamo riscontrato che mancano ancora un gran numero di recensioni negative, mentre prevalgono quelle positive. Gli acquirenti sono soddisfatti del prodotto e lo attribuiscono innanzitutto alla sua formula naturale e alla composizione selezionata dagli esperti. Altri condividono nelle loro recensioni DiaformRX che hanno sentito una differenza positiva nel loro tono e nella loro energia quotidiana e comprerebbero di nuovo questo prodotto.<\/p>\n<h2><b>Vantaggi del farmaco DiaformRX secondo i clienti<\/b><\/h2>\n<p>Ecco cosa dicono anche le altre recensioni su DiaformRX:<\/p>\n<ol>\n<li aria-level=\"1\">Formula naturale per bilanciare naturalmente i livelli di zucchero nel sangue;<\/li>\n<li aria-level=\"1\">Normalizza la fame e l&#8217;appetito causati da un contenuto di zucchero sbilanciato;<\/li>\n<li aria-level=\"1\">Promuove l&#8217;energia e il tono corporeo;<\/li>\n<li aria-level=\"1\">Ricca formula naturale composta da erbe ed estratti biologici;<\/li>\n<li aria-level=\"1\">Prezzo conveniente sul mercato in termini di qualit\u00e0 e concentrazione;<\/li>\n<li aria-level=\"1\">Comodo ordine tramite il sito ufficiale del prodotto;<\/li>\n<li aria-level=\"1\">Non ci sono dati su effetti collaterali spiacevoli o controindicazioni.<\/li>\n<\/ol>\n<h2><b>Quali opinioni sulle capsule per il diabete DiaformRX si possono trovare sui forum?<\/b><\/h2>\n<p>&nbsp;<\/p>\n<blockquote><p><b>Melania<\/b><\/p>\n<p>Soffro di diabete da pi\u00f9 di 20 anni, periodo durante il quale ho provato molti metodi di cura. Quando mia figlia mi ha suggerito DiaformRX, non credevo nella sua efficacia, ma ho iniziato comunque a prenderlo. Ora il mio livello di zucchero nel sangue non aumenta quasi mai e mi sento meglio.<\/p><\/blockquote>\n<p>&nbsp;<\/p>\n<blockquote><p><b>Emanuele<\/b><\/p>\n<p>Quando mi \u00e8 stata diagnosticata diabete, non posso dire di essere rimasto molto sorpreso. Molti dei miei parenti soffrono di questa malattia. \u00c8 cos\u00ec bello che ora ci siano strumenti come DiaformRX dove lo posso prendere che ti permettono di condurre una vita piena. Non riesco nemmeno a immaginare cosa farei senza queste capsule.<\/p><\/blockquote>\n<p>&nbsp;<\/p>\n<blockquote><p><b>Jeziel<\/b><\/p>\n<p>Ho il diabete da quando ero adolescente. I medici sono ancora sorpresi di come la malattia non sia diventata insulino-dipendente. Grazie al fatto che prendo le capsule walmart DiaformRX, nessuno sa nemmeno del mio problema. Faccio sport, viaggio molto, mi limito solo un po&#8217; nell&#8217;alimentazione, ma non in modo critico. Consiglio questo prodotto a tutti!<\/p><\/blockquote>\n<h2><b>Qual \u00e8 il prezzo delle capsule DiaformRX? Dove vendono?<\/b><\/h2>\n<p><img loading=\"lazy\" decoding=\"async\" class=\"aligncenter size-full wp-image-16\" src=\"http:\/\/360giornaleluiss.it\/blog\/wp-content\/uploads\/2023\/12\/DiaformRX-4.jpg\" alt=\"DiaformRX come si applica\" width=\"500\" height=\"287\" srcset=\"https:\/\/360giornaleluiss.it\/blog\/wp-content\/uploads\/2023\/12\/DiaformRX-4.jpg 500w, https:\/\/360giornaleluiss.it\/blog\/wp-content\/uploads\/2023\/12\/DiaformRX-4-300x172.jpg 300w\" sizes=\"(max-width: 500px) 100vw, 500px\" \/><\/p>\n<p>A causa delle frequenti richieste di prezzo farmacia simile DiaformRX, il nostro team ha deciso di vedere come vanno le cose anche l\u00ec con i prezzi dei prodotti. Tieni presente che in farmacia prezzo DiaformRX rimane lo stesso. Viene semplicemente ricalcolato al tasso di cambio dato per il paese, mentre la qualit\u00e0 del prodotto naturale rimane la stessa. Tuttavia, viene offerto solo tramite il sito Web ufficiale in modo che il produttore possa mantenere un buon controllo di qualit\u00e0 e un prezzo accessibile. \u00c8 grazie a questo che non ci saranno inutili differenze di prezzo DiaformRX. I clienti devono essere convinti che il valore del prodotto \u00e8 lo stesso ovunque.<\/p>\n<p>Anche ordinare tramite il sito ufficiale dove comprare DiaformRX \u00e8 semplice e veloce: i clienti devono solo inserire il proprio nome e un numero di telefono valido. Il distributore ufficiale lo contatter\u00e0 per confermare l&#8217;ordine. In caso di difficolt\u00e0, i clienti possono fare riferimento alle nostre istruzioni rapide per l&#8217;ordine.<\/p>\n<h2><b>\u00c8 possibile trovare le capsule DiaformRX in farmacia?<\/b><\/h2>\n<p>DiaformRX non \u00e8 un farmaco, ma un prodotto con una composizione naturale, quindi per assumerlo non \u00e8 necessario consultare un medico. La sua formula utilizza solo ingredienti naturali e non troverai DiaformRX in farmacia. Fondamentalmente, le farmacie applicano ricarichi e commissioni elevati. Questo \u00e8 un altro motivo per cui il prodotto non \u00e8 disponibile l\u00ec.<\/p>\n<h2><b>Meno zucchero = corpo pi\u00f9 sano<\/b><\/h2>\n<p>Ricorda che, per quanto allettanti possano essere, la maggior parte dei prodotti dolciari non fa altro che danneggiare la salute e l&#8217;aspetto. Se inizi a trattenere i liquidi, soffri di stanchezza cronica indipendentemente da quante ore dormi, soffri di allergie ed eruzioni cutanee, allora potrebbe essere il momento di smettere di mangiare troppi carboidrati e grassi malsani.<\/p>\n","protected":false},"excerpt":{"rendered":"<p>DiaformRX \u00e8 un integratore naturale in capsule progettato per aiutare le persone a mantenere livelli armoniosi di zucchero nel sangue, migliorando al contempo energia e tono durante la giornata. Realizzate con estratti biologici di gelso bianco e cannella, le capsule offrono un&#8217;opzione conveniente e naturale per chi cerca un supporto nella gestione del diabete.<\/p>\n","protected":false},"featured_media":12,"comment_status":"open","ping_status":"closed","template":"","meta":[],"product_cat":[17],"product_tag":[],"class_list":{"0":"post-70","1":"product","2":"type-product","3":"status-publish","4":"has-post-thumbnail","6":"product_cat-uncategorized","8":"first","9":"instock","10":"sale","11":"shipping-taxable","12":"purchasable","13":"product-type-simple"},"yoast_head":"<!-- This site is optimized with the Yoast SEO plugin v21.6 - https:\/\/yoast.com\/wordpress\/plugins\/seo\/ -->\n<title>DiaformRX acquista capsule per il diabete su 360giornaleluiss<\/title>\n<meta name=\"robots\" content=\"index, follow, max-snippet:-1, max-image-preview:large, max-video-preview:-1\" \/>\n<link rel=\"canonical\" href=\"http:\/\/360giornaleluiss.it\/blog\/product\/diaformrx\/\" \/>\n<meta property=\"og:locale\" content=\"it_IT\" \/>\n<meta property=\"og:type\" content=\"article\" \/>\n<meta property=\"og:title\" content=\"DiaformRX acquista capsule per il diabete su 360giornaleluiss\" \/>\n<meta property=\"og:description\" content=\"DiaformRX \u00e8 un integratore naturale in capsule progettato per aiutare le persone a mantenere livelli armoniosi di zucchero nel sangue, migliorando al contempo energia e tono durante la giornata. Realizzate con estratti biologici di gelso bianco e cannella, le capsule offrono un&#039;opzione conveniente e naturale per chi cerca un supporto nella gestione del diabete.\" \/>\n<meta property=\"og:url\" content=\"http:\/\/360giornaleluiss.it\/blog\/product\/diaformrx\/\" \/>\n<meta property=\"og:site_name\" content=\"360giornaleluiss\" \/>\n<meta property=\"article:modified_time\" content=\"2024-10-30T15:54:13+00:00\" \/>\n<meta property=\"og:image\" content=\"http:\/\/360giornaleluiss.it\/blog\/wp-content\/uploads\/2023\/12\/DiaformRX.jpg\" \/>\n\t<meta property=\"og:image:width\" content=\"303\" \/>\n\t<meta property=\"og:image:height\" content=\"340\" \/>\n\t<meta property=\"og:image:type\" content=\"image\/jpeg\" \/>\n<meta name=\"twitter:card\" content=\"summary_large_image\" \/>\n<meta name=\"twitter:label1\" content=\"Tempo di lettura stimato\" \/>\n\t<meta name=\"twitter:data1\" content=\"12 minuti\" \/>\n<script type=\"application\/ld+json\" class=\"yoast-schema-graph\">{\"@context\":\"https:\/\/schema.org\",\"@graph\":[{\"@type\":\"WebPage\",\"@id\":\"http:\/\/360giornaleluiss.it\/blog\/product\/diaformrx\/\",\"url\":\"http:\/\/360giornaleluiss.it\/blog\/product\/diaformrx\/\",\"name\":\"DiaformRX acquista capsule per il diabete su 360giornaleluiss\",\"isPartOf\":{\"@id\":\"https:\/\/360giornaleluiss.it\/blog\/#website\"},\"datePublished\":\"2024-10-26T17:40:42+00:00\",\"dateModified\":\"2024-10-30T15:54:13+00:00\",\"breadcrumb\":{\"@id\":\"http:\/\/360giornaleluiss.it\/blog\/product\/diaformrx\/#breadcrumb\"},\"inLanguage\":\"it-IT\",\"potentialAction\":[{\"@type\":\"ReadAction\",\"target\":[\"http:\/\/360giornaleluiss.it\/blog\/product\/diaformrx\/\"]}]},{\"@type\":\"BreadcrumbList\",\"@id\":\"http:\/\/360giornaleluiss.it\/blog\/product\/diaformrx\/#breadcrumb\",\"itemListElement\":[{\"@type\":\"ListItem\",\"position\":1,\"name\":\"Home\",\"item\":\"https:\/\/360giornaleluiss.it\/blog\/\"},{\"@type\":\"ListItem\",\"position\":2,\"name\":\"Shop\",\"item\":\"https:\/\/360giornaleluiss.it\/blog\/\"},{\"@type\":\"ListItem\",\"position\":3,\"name\":\"DiaformRX\"}]},{\"@type\":\"WebSite\",\"@id\":\"https:\/\/360giornaleluiss.it\/blog\/#website\",\"url\":\"https:\/\/360giornaleluiss.it\/blog\/\",\"name\":\"360giornaleluiss\",\"description\":\"blog\",\"potentialAction\":[{\"@type\":\"SearchAction\",\"target\":{\"@type\":\"EntryPoint\",\"urlTemplate\":\"https:\/\/360giornaleluiss.it\/blog\/?s={search_term_string}\"},\"query-input\":\"required name=search_term_string\"}],\"inLanguage\":\"it-IT\"}]}<\/script>\n<!-- \/ Yoast SEO plugin. -->","yoast_head_json":{"title":"DiaformRX acquista capsule per il diabete su 360giornaleluiss","robots":{"index":"index","follow":"follow","max-snippet":"max-snippet:-1","max-image-preview":"max-image-preview:large","max-video-preview":"max-video-preview:-1"},"canonical":"http:\/\/360giornaleluiss.it\/blog\/product\/diaformrx\/","og_locale":"it_IT","og_type":"article","og_title":"DiaformRX acquista capsule per il diabete su 360giornaleluiss","og_description":"DiaformRX \u00e8 un integratore naturale in capsule progettato per aiutare le persone a mantenere livelli armoniosi di zucchero nel sangue, migliorando al contempo energia e tono durante la giornata. Realizzate con estratti biologici di gelso bianco e cannella, le capsule offrono un'opzione conveniente e naturale per chi cerca un supporto nella gestione del diabete.","og_url":"http:\/\/360giornaleluiss.it\/blog\/product\/diaformrx\/","og_site_name":"360giornaleluiss","article_modified_time":"2024-10-30T15:54:13+00:00","og_image":[{"width":303,"height":340,"url":"http:\/\/360giornaleluiss.it\/blog\/wp-content\/uploads\/2023\/12\/DiaformRX.jpg","type":"image\/jpeg"}],"twitter_card":"summary_large_image","twitter_misc":{"Tempo di lettura stimato":"12 minuti"},"schema":{"@context":"https:\/\/schema.org","@graph":[{"@type":"WebPage","@id":"http:\/\/360giornaleluiss.it\/blog\/product\/diaformrx\/","url":"http:\/\/360giornaleluiss.it\/blog\/product\/diaformrx\/","name":"DiaformRX acquista capsule per il diabete su 360giornaleluiss","isPartOf":{"@id":"https:\/\/360giornaleluiss.it\/blog\/#website"},"datePublished":"2024-10-26T17:40:42+00:00","dateModified":"2024-10-30T15:54:13+00:00","breadcrumb":{"@id":"http:\/\/360giornaleluiss.it\/blog\/product\/diaformrx\/#breadcrumb"},"inLanguage":"it-IT","potentialAction":[{"@type":"ReadAction","target":["http:\/\/360giornaleluiss.it\/blog\/product\/diaformrx\/"]}]},{"@type":"BreadcrumbList","@id":"http:\/\/360giornaleluiss.it\/blog\/product\/diaformrx\/#breadcrumb","itemListElement":[{"@type":"ListItem","position":1,"name":"Home","item":"https:\/\/360giornaleluiss.it\/blog\/"},{"@type":"ListItem","position":2,"name":"Shop","item":"https:\/\/360giornaleluiss.it\/blog\/"},{"@type":"ListItem","position":3,"name":"DiaformRX"}]},{"@type":"WebSite","@id":"https:\/\/360giornaleluiss.it\/blog\/#website","url":"https:\/\/360giornaleluiss.it\/blog\/","name":"360giornaleluiss","description":"blog","potentialAction":[{"@type":"SearchAction","target":{"@type":"EntryPoint","urlTemplate":"https:\/\/360giornaleluiss.it\/blog\/?s={search_term_string}"},"query-input":"required name=search_term_string"}],"inLanguage":"it-IT"}]}},"_links":{"self":[{"href":"https:\/\/360giornaleluiss.it\/blog\/wp-json\/wp\/v2\/product\/70"}],"collection":[{"href":"https:\/\/360giornaleluiss.it\/blog\/wp-json\/wp\/v2\/product"}],"about":[{"href":"https:\/\/360giornaleluiss.it\/blog\/wp-json\/wp\/v2\/types\/product"}],"replies":[{"embeddable":true,"href":"https:\/\/360giornaleluiss.it\/blog\/wp-json\/wp\/v2\/comments?post=70"}],"wp:featuredmedia":[{"embeddable":true,"href":"https:\/\/360giornaleluiss.it\/blog\/wp-json\/wp\/v2\/media\/12"}],"wp:attachment":[{"href":"https:\/\/360giornaleluiss.it\/blog\/wp-json\/wp\/v2\/media?parent=70"}],"wp:term":[{"taxonomy":"product_cat","embeddable":true,"href":"https:\/\/360giornaleluiss.it\/blog\/wp-json\/wp\/v2\/product_cat?post=70"},{"taxonomy":"product_tag","embeddable":true,"href":"https:\/\/360giornaleluiss.it\/blog\/wp-json\/wp\/v2\/product_tag?post=70"}],"curies":[{"name":"wp","href":"https:\/\/api.w.org\/{rel}","templated":true}]}}