{"id":71,"date":"2024-10-26T19:41:28","date_gmt":"2024-10-26T17:41:28","guid":{"rendered":"https:\/\/360giornaleluiss.it\/blog\/?post_type=product&#038;p=71"},"modified":"2024-10-30T16:54:26","modified_gmt":"2024-10-30T15:54:26","slug":"cystonorm","status":"publish","type":"product","link":"http:\/\/360giornaleluiss.it\/blog\/product\/cystonorm\/","title":{"rendered":"Cystonorm"},"content":{"rendered":"<table>\n<tbody>\n<tr>\n<td>Sito web<\/td>\n<td>Cystonorm.it<\/td>\n<\/tr>\n<tr>\n<td>Azione<\/td>\n<td>\u2714 Influenza positivamente le malattie del sistema genito-urinario;<br \/>\n\u2714 Formula naturale per alleviare il dolore durante la minzione e l&#8217;infiammazione della vescica;<br \/>\n\u2714 Supporta le funzioni del sistema immunitario.<\/td>\n<\/tr>\n<tr>\n<td>Componenti<\/td>\n<td>\u2714 Estratto di mirtillo rosso;<br \/>\n\u2714 Estratto di camomilla;<br \/>\n\u2714 Estratto di zinco.<\/td>\n<\/tr>\n<tr>\n<td>Istruzioni per l&#8217;uso<\/td>\n<td>\u2714 Per prevenzione \u2013 1 volta al giorno.<br \/>\n\u2714 Durante i periodi di problemi al sistema genito-urinario: 2 capsule 2 volte al giorno.<br \/>\n\u2714 Per disfunzioni vescicali lievi: 1 capsula 2 volte al giorno.<\/td>\n<\/tr>\n<tr>\n<td>Volume<\/td>\n<td>30 capsule<\/td>\n<\/tr>\n<tr>\n<td>Prezzo<\/td>\n<td>\ud83d\uded1 49 \u20ac<\/td>\n<\/tr>\n<tr>\n<td>Consegna<\/td>\n<td>circa 2-5 giorni<\/td>\n<\/tr>\n<\/tbody>\n<\/table>\n<h2><b>Cystonorm \u2013 fitocapsule per eliminare la cistite e le sue conseguenze<\/b><\/h2>\n<p><img loading=\"lazy\" decoding=\"async\" class=\"aligncenter size-full wp-image-19\" src=\"http:\/\/360giornaleluiss.it\/blog\/wp-content\/uploads\/2023\/12\/Cystonorm-1.jpg\" alt=\"Cystonorm \u00c8 di buona qualit\u00e0\" width=\"500\" height=\"366\" srcset=\"https:\/\/360giornaleluiss.it\/blog\/wp-content\/uploads\/2023\/12\/Cystonorm-1.jpg 500w, https:\/\/360giornaleluiss.it\/blog\/wp-content\/uploads\/2023\/12\/Cystonorm-1-300x220.jpg 300w\" sizes=\"(max-width: 500px) 100vw, 500px\" \/><\/p>\n<p>Cystonorm &#8211; capsule con una formula naturale che aiutano con i problemi della vescica. Questo aiuta ad alleviare i sintomi e prevenire futuri disturbi genito-urinari. Possono essere associati a una sensazione di bruciore o dolore pressante durante la minzione. Le recensioni degli utenti sui forum online sono per lo pi\u00f9 positive. Recensioni e commenti sono scritti da clienti che sono soddisfatti di come i biocosmetici agiscono contro i disturbi diuretici e attribuiscono questo alla loro ricca composizione naturale.<\/p>\n<p>Dove posso ordinare in sicurezza le capsule originali Cystonorm? Rischio di essere truffato o falso? Sono disponibili in farmacia? Che dire dei portali digitali per l\u2019acquisto e la vendita di beni?<\/p>\n<p>Sul sito ufficiale dell&#8217;azienda puoi ordinare prodotti originali al prezzo pi\u00f9 conveniente. Le promozioni regolari offrono anche l&#8217;opportunit\u00e0 di effettuare acquisti con uno sconto. E anche la possibilit\u00e0 di approfittare delle promozioni \u201cCompra 2, ricevi 3\u201d.<\/p>\n<p>Il nostro team ha condotto ricerche che includono molti aspetti che potrebbero interessare gli utenti. Vuoi sapere dove puoi acquistare capsule naturali a cosa serve Cystonorm ad un prezzo conveniente? E quali ingredienti biologici sono inclusi nella loro formula bioattiva? Come proteggersi dalle contraffazioni? Tutte queste informazioni possono essere trovate se rimani con noi fino alla fine della recensione del prodotto Cystonorm.<\/p>\n<h2><b>Mirtillo rosso \u2013 quali benefici apporta questo frutto al corpo?<\/b><\/h2>\n<p>I mirtilli appartengono alla famiglia dei pirene. Esempi dei suoi altri rappresentanti sono i mirtilli e le fragole. Tuttavia, la specie pi\u00f9 comunemente coltivata \u00e8 il mirtillo rosso nordamericano, ma allo stato selvatico si trovano anche altre variet\u00e0.<\/p>\n<p>Questo frutto ha un sapore molto piccante e aspro, motivo per cui raramente viene consumato crudo. In effetti, vengono spesso consumati sotto forma di succo.<\/p>\n<p>Di solito viene zuccherato o mescolato con succhi di altri frutti. Altri usi dei mirtilli rossi includono frutta secca, marmellata o salse. Non sono escluse polveri ed estratti utilizzati in biocosmesi. I mirtilli rossi sono una fonte di molte vitamine e minerali, in particolare la vitamina C.<\/p>\n<p>Vi presentiamo alcuni dei composti dalla loro composizione:<\/p>\n<ol>\n<li aria-level=\"1\"><b>Vitamina C<\/b> \u2013 nota anche come acido ascorbico. Questo \u00e8 uno dei principali antiossidanti presenti nei mirtilli rossi. La vitamina C \u00e8 essenziale per il mantenimento della pelle, dei muscoli e delle ossa del corpo umano.<\/li>\n<li aria-level=\"1\"><b>Manganese<\/b> \u2013 presente nella maggior parte degli alimenti. Il manganese \u00e8 un elemento essenziale per la crescita del corpo, il metabolismo e il sistema immunitario.<\/li>\n<li aria-level=\"1\"><b>La vitamina E<\/b> fa parte dei principali antiossidanti liposolubili.<\/li>\n<li aria-level=\"1\"><b>Vitamina K1. <\/b>Conosciuta anche come fillochinone, la vitamina K1 favorisce in modo significativo la coagulazione del sangue.<\/li>\n<li aria-level=\"1\"><b>Il rame (Cu)<\/b> \u00e8 un oligoelemento che spesso manca nella nostra dieta. Un apporto insufficiente di rame pu\u00f2 avere effetti negativi sul corretto funzionamento del sistema circolatorio.<\/li>\n<\/ol>\n<p>I mirtilli rossi sono anche ricchi di vari composti vegetali bioattivi. Contengono anche proantocianidine di tipo A. Si ritiene che siano estremamente benefiche per il corretto funzionamento e la prevenzione dell&#8217;infiammazione della vescica (cistite). Pertanto sono anche un ingrediente importante nella formula delle capsule naturali Cystonorm.<\/p>\n<h2><b>Che tipo di droga \u00e8 Cystonorm?<\/b><\/h2>\n<p><img loading=\"lazy\" decoding=\"async\" class=\"aligncenter size-full wp-image-18\" src=\"http:\/\/360giornaleluiss.it\/blog\/wp-content\/uploads\/2023\/12\/Cystonorm-5.jpg\" alt=\"Cystonorm opinioni\" width=\"500\" height=\"342\" srcset=\"https:\/\/360giornaleluiss.it\/blog\/wp-content\/uploads\/2023\/12\/Cystonorm-5.jpg 500w, https:\/\/360giornaleluiss.it\/blog\/wp-content\/uploads\/2023\/12\/Cystonorm-5-300x205.jpg 300w\" sizes=\"(max-width: 500px) 100vw, 500px\" \/><\/p>\n<p>Cystonorm \u2013 capsule naturali per influenzare problemi e disturbi della vescica e processi diuretici nel corpo. La loro composizione pu\u00f2 anche avere un effetto benefico sul funzionamento del sistema genito-urinario nel suo insieme. Gli acquirenti online condividono per lo pi\u00f9 recensioni positive sul prodotto. Ad esempio, gli utenti dei forum di biocosmesi condividono impressioni positive sulle capsule naturali risultati reali Cystonorm.<\/p>\n<h2><b>Benefici delle capsule Cystonorm contro la cistite<\/b><\/h2>\n<p>Ecco le impressioni, le loro opinioni, recensioni e commenti:<\/p>\n<ol>\n<li aria-level=\"1\">Influenza positivamente le malattie del sistema genito-urinario;<\/li>\n<li aria-level=\"1\">Formula naturale per alleviare la minzione dolorosa e l&#8217;infiammazione della vescica;<\/li>\n<li aria-level=\"1\">Ordinare \u00e8 facile e senza problemi;<\/li>\n<li aria-level=\"1\">Consegna veloce tramite corriere in un imballaggio discreto;<\/li>\n<li aria-level=\"1\">Nessuna segnalazione di effetti collaterali spiacevoli o controindicazioni.<\/li>\n<\/ol>\n<h2><b>Cosa c&#8217;\u00e8 in ogni capsula Cystonorm?<\/b><\/h2>\n<p><img loading=\"lazy\" decoding=\"async\" class=\"aligncenter size-full wp-image-21\" src=\"http:\/\/360giornaleluiss.it\/blog\/wp-content\/uploads\/2023\/12\/Cystonorm-3.jpg\" alt=\"Cystonorm Funziona realmente\" width=\"500\" height=\"289\" srcset=\"https:\/\/360giornaleluiss.it\/blog\/wp-content\/uploads\/2023\/12\/Cystonorm-3.jpg 500w, https:\/\/360giornaleluiss.it\/blog\/wp-content\/uploads\/2023\/12\/Cystonorm-3-300x173.jpg 300w\" sizes=\"(max-width: 500px) 100vw, 500px\" \/><\/p>\n<p>Cystonorm include una formula con ingredienti bioattivi che aiutano a risolvere i problemi della vescica. I produttori hanno scelto speciali estratti organici noti per le loro propriet\u00e0 positive legate al sistema genito-urinario.<\/p>\n<p>Ecco gli ingredienti della formula Cystonorm:<\/p>\n<ol>\n<li aria-level=\"1\"><b>L&#8217;estratto di mirtillo rosso \u00e8 una fonte di vitamine C, A e K<\/b>. Un buon antiossidante: \u00e8 grazie a queste propriet\u00e0 che influenza i problemi del sistema escretore.<\/li>\n<li aria-level=\"1\"><b>Estratto di camomilla <\/b>\u2013 il suo estratto biologico ha propriet\u00e0 antisettiche e antiossidanti.<\/li>\n<li aria-level=\"1\"><b>Estratto di zinco<\/b> \u2013 supporta le funzioni del sistema immunitario. Protegge il corpo dai batteri nocivi e riduce il rischio di possibili infezioni.<\/li>\n<\/ol>\n<h2><b>Istruzioni per il corretto utilizzo come si applica Cystonorm<\/b><\/h2>\n<p>I produttori consigliano e consentono ai propri clienti di essere abbastanza flessibili quando assumono capsule naturali come usare il Cystonorm. Secondo la pagina web ufficiale del prodotto, il medicinale pu\u00f2 essere assunto in diversi modi. Sono classificati a seconda delle situazioni in cui possono trovarsi le persone con problemi ami della vescica.<\/p>\n<p>Le capsule Cystonorm vengono sempre assunte dopo i pasti. Il periodo di utilizzo consigliato va da 14 giorni a 2 mesi.<\/p>\n<p>Ecco le istruzioni per l&#8217;uso:<\/p>\n<ol>\n<li aria-level=\"1\">Per prevenzione \u2013 1 volta al giorno.<\/li>\n<li aria-level=\"1\">Durante i periodi di problemi con il sistema genito-urinario &#8211; 2 capsule 2 volte al giorno.<\/li>\n<li aria-level=\"1\">Per disfunzioni lievi della vescica: 1 capsula 2 volte al giorno.<\/li>\n<\/ol>\n<h2><b>Effetti collaterali e controindicazioni<\/b><\/h2>\n<p>La medicina naturale per la cistite ha un certificato di qualit\u00e0. \u00c8 di buona qualit\u00e0 Cystonorm non porta a spiacevoli effetti collaterali e controindicazioni. Tra le recensioni degli utenti non risultano lamentele o problemi legati alla ricezione della merce.<\/p>\n<h2><b>Quali sono le impressioni dei clienti su Cystonorm?<\/b><\/h2>\n<p><img loading=\"lazy\" decoding=\"async\" class=\"aligncenter size-full wp-image-20\" src=\"http:\/\/360giornaleluiss.it\/blog\/wp-content\/uploads\/2023\/12\/Cystonorm-2.jpg\" alt=\"Cystonorm dove lo posso prendere\" width=\"500\" height=\"369\" srcset=\"https:\/\/360giornaleluiss.it\/blog\/wp-content\/uploads\/2023\/12\/Cystonorm-2.jpg 500w, https:\/\/360giornaleluiss.it\/blog\/wp-content\/uploads\/2023\/12\/Cystonorm-2-300x221.jpg 300w\" sizes=\"(max-width: 500px) 100vw, 500px\" \/><\/p>\n<p>Il nostro team ha ricercato opinioni e recensioni autentiche e reali su Cystonorm condivise dagli utenti sui forum online. La maggior parte di loro presentava problemi di bruciore durante la minzione, perdite involontarie e cistite. Funziona realmente Cystonorm \u00e8 il prodotto che consigliano per problemi simili alla vescica. Sui forum online i commenti sono positivi, cos\u00ec come gli effetti degli ingredienti naturali del prodotto. Molti di loro assumono Cystonorm come profilassi e alcuni hanno completato l&#8217;intero corso perch\u00e9 i loro disturbi erano pi\u00f9 seri. Anche il prezzo \u00e8 un argomento di discussione: tutti concordano nel dire che \u00e8 conveniente e la consegna \u00e8 veloce e discreta. Le uniche lamentele che abbiamo riscontrato sono che le capsule naturali non si trovano nelle farmacie e anche in alcuni paesi.<\/p>\n<p>Recentemente abbiamo ricontrollato le recensioni Cystonorm. Questa volta abbiamo controllato i social network e abbiamo scoperto che c&#8217;erano anche molte opinioni e commenti sul farmaco contro la cistite. Per lo pi\u00f9 le donne se ne vanno, \u00e8 chiaro che sono felici. L\u2019assenza di effetti collaterali secondo le recensioni \u00e8 un grande vantaggio.<\/p>\n<h2><b>Opinioni dei clienti su Cystonorm<\/b><\/h2>\n<p>&nbsp;<\/p>\n<blockquote><p><b>Evelin<\/b><\/p>\n<p>Qualche settimana fa ho iniziato a usare le capsule Cystonorm dove lo posso prendere per la cistite e mi sento gi\u00e0 molto meglio. Non sono riuscito a trovare questo prodotto in farmacia, quindi sono stato felice di trovarlo online. Lo consiglio vivamente a chiunque soffra dello stesso problema!<\/p><\/blockquote>\n<p>&nbsp;<\/p>\n<blockquote><p><b>Finalmente<\/b><\/p>\n<p>Avevo problemi con i batteri prima di provare dove comprare le capsule Cystonorm e mi hanno aiutato molto. Sono impressionato dalla rapidit\u00e0 con cui sono arrivati \u200b\u200bi risultati e dalla naturalezza del prodotto. Non ho trovato un altro prodotto che dia gli stessi risultati!<\/p><\/blockquote>\n<p>&nbsp;<\/p>\n<blockquote><p><b>Hanny<\/b><\/p>\n<p>Ho scoperto le capsule Cystonorm in farmacia prezzo dopo una piccola ricerca online e sono molto felice di averlo fatto. Dopo averli utilizzati per diverse settimane, non ho pi\u00f9 avuto problemi legati alla cistite. Lo consiglio vivamente: funziona davvero!<\/p><\/blockquote>\n<h2><b>\u00c8 possibile dove vendono Cystonorm a prezzo scontato?<\/b><\/h2>\n<p><img loading=\"lazy\" decoding=\"async\" class=\"aligncenter size-full wp-image-22\" src=\"http:\/\/360giornaleluiss.it\/blog\/wp-content\/uploads\/2023\/12\/Cystonorm-4.jpg\" alt=\"Cystonorm dove comprare\" width=\"500\" height=\"286\" srcset=\"https:\/\/360giornaleluiss.it\/blog\/wp-content\/uploads\/2023\/12\/Cystonorm-4.jpg 500w, https:\/\/360giornaleluiss.it\/blog\/wp-content\/uploads\/2023\/12\/Cystonorm-4-300x172.jpg 300w\" sizes=\"(max-width: 500px) 100vw, 500px\" \/><\/p>\n<p>Abbiamo studiato in dettaglio il prezzo farmacia simile di Cystonorm &#8211; capsule per il trattamento delle malattie del sistema genito-urinario. Gli utenti segnalano di non essere riusciti a trovare il prodotto nei principali negozi online. Ma abbiamo trovato il sito ufficiale delle capsule naturali Cystonorm e il loro prezzo \u00e8 conveniente.<\/p>\n<p>Lo abbiamo confrontato con i prezzi sulle pagine web ufficiali di altri paesi. I prezzi Cystonorm sono gli stessi l\u00ec. Ci sono piccole e insignificanti differenze nei prezzi, ma sono dovute alla conversione di una valuta in un&#8217;altra. Il produttore dichiara apertamente che le capsule non sono disponibili nelle farmacie o nelle farmacie. La distribuzione diretta ci consente di mantenere il prezzo pi\u00f9 basso dove vendono Cystonorm e protegge inoltre i clienti da frodi e prodotti contraffatti.<\/p>\n<p>L&#8217;ordinazione delle capsule naturali walmart Cystonorm dal sito ufficiale viene effettuata secondo il metodo standard per un prodotto biocosmetico.<\/p>\n<h2><b>C&#8217;\u00e8 Cystonorm in farmacia?<\/b><\/h2>\n<p>Il prezzo Cystonorm non lo troverai in farmacia. Il motivo \u00e8 che il prodotto originale non \u00e8 disponibile nelle farmacie. Poich\u00e9 si tratta di un integratore alimentare, dove il controllo \u00e8 inferiore, sono gi\u00e0 comparse frodi. I simulanti sono disponibili in farmacia, ma la loro efficacia non \u00e8 garantita.<\/p>\n<h2><b>Sii sano e felice!<\/b><\/h2>\n<p>Per essere sempre sani e felici \u00e8 utile condurre uno stile di vita sano. Ti consigliamo di familiarizzare con cibi dannosi che non dovrebbero essere inclusi nel tuo menu. Inizia la giornata con una tazza di caff\u00e8 biologico. E, naturalmente, non dimentichiamoci di bere acqua durante il giorno, anche se troviamo a malapena un momento per noi stessi.<\/p>\n<p>Cystonorm sono capsule con una formula naturale mirata al trattamento delle malattie del sistema genito-urinario. Contiene ingredienti biologici come mirtillo rosso e camomilla. Gli utenti dei forum online sono soddisfatti delle capsule. Funzionano meglio di altre alternative sul mercato.<\/p>\n","protected":false},"excerpt":{"rendered":"<p>Cystonorm \u00e8 un integratore naturale in capsule che aiuta a lenire i problemi della vescica e prevenire disturbi genito-urinari. Grazie alla sua formula ricca di ingredienti biologici, ha ricevuto recensioni positive da parte degli utenti soddisfatti.<\/p>\n","protected":false},"featured_media":0,"comment_status":"open","ping_status":"closed","template":"","meta":[],"product_cat":[17],"product_tag":[],"class_list":{"0":"post-71","1":"product","2":"type-product","3":"status-publish","5":"product_cat-uncategorized","7":"first","8":"instock","9":"sale","10":"shipping-taxable","11":"purchasable","12":"product-type-simple"},"yoast_head":"<!-- This site is optimized with the Yoast SEO plugin v21.6 - https:\/\/yoast.com\/wordpress\/plugins\/seo\/ -->\n<title>Cystonorm acquista capsule per cistite su 360giornaleluiss<\/title>\n<meta name=\"robots\" content=\"index, follow, max-snippet:-1, max-image-preview:large, max-video-preview:-1\" \/>\n<link rel=\"canonical\" href=\"http:\/\/360giornaleluiss.it\/blog\/product\/cystonorm\/\" \/>\n<meta property=\"og:locale\" content=\"it_IT\" \/>\n<meta property=\"og:type\" content=\"article\" \/>\n<meta property=\"og:title\" content=\"Cystonorm acquista capsule per cistite su 360giornaleluiss\" \/>\n<meta property=\"og:description\" content=\"Cystonorm \u00e8 un integratore naturale in capsule che aiuta a lenire i problemi della vescica e prevenire disturbi genito-urinari. Grazie alla sua formula ricca di ingredienti biologici, ha ricevuto recensioni positive da parte degli utenti soddisfatti.\" \/>\n<meta property=\"og:url\" content=\"http:\/\/360giornaleluiss.it\/blog\/product\/cystonorm\/\" \/>\n<meta property=\"og:site_name\" content=\"360giornaleluiss\" \/>\n<meta property=\"article:modified_time\" content=\"2024-10-30T15:54:26+00:00\" \/>\n<meta property=\"og:image\" content=\"http:\/\/360giornaleluiss.it\/blog\/wp-content\/uploads\/2023\/12\/Cystonorm-1.jpg\" \/>\n<meta name=\"twitter:card\" content=\"summary_large_image\" \/>\n<meta name=\"twitter:label1\" content=\"Tempo di lettura stimato\" \/>\n\t<meta name=\"twitter:data1\" content=\"9 minuti\" \/>\n<script type=\"application\/ld+json\" class=\"yoast-schema-graph\">{\"@context\":\"https:\/\/schema.org\",\"@graph\":[{\"@type\":\"WebPage\",\"@id\":\"http:\/\/360giornaleluiss.it\/blog\/product\/cystonorm\/\",\"url\":\"http:\/\/360giornaleluiss.it\/blog\/product\/cystonorm\/\",\"name\":\"Cystonorm acquista capsule per cistite su 360giornaleluiss\",\"isPartOf\":{\"@id\":\"https:\/\/360giornaleluiss.it\/blog\/#website\"},\"datePublished\":\"2024-10-26T17:41:28+00:00\",\"dateModified\":\"2024-10-30T15:54:26+00:00\",\"breadcrumb\":{\"@id\":\"http:\/\/360giornaleluiss.it\/blog\/product\/cystonorm\/#breadcrumb\"},\"inLanguage\":\"it-IT\",\"potentialAction\":[{\"@type\":\"ReadAction\",\"target\":[\"http:\/\/360giornaleluiss.it\/blog\/product\/cystonorm\/\"]}]},{\"@type\":\"BreadcrumbList\",\"@id\":\"http:\/\/360giornaleluiss.it\/blog\/product\/cystonorm\/#breadcrumb\",\"itemListElement\":[{\"@type\":\"ListItem\",\"position\":1,\"name\":\"Home\",\"item\":\"https:\/\/360giornaleluiss.it\/blog\/\"},{\"@type\":\"ListItem\",\"position\":2,\"name\":\"Shop\",\"item\":\"https:\/\/360giornaleluiss.it\/blog\/\"},{\"@type\":\"ListItem\",\"position\":3,\"name\":\"Cystonorm\"}]},{\"@type\":\"WebSite\",\"@id\":\"https:\/\/360giornaleluiss.it\/blog\/#website\",\"url\":\"https:\/\/360giornaleluiss.it\/blog\/\",\"name\":\"360giornaleluiss\",\"description\":\"blog\",\"potentialAction\":[{\"@type\":\"SearchAction\",\"target\":{\"@type\":\"EntryPoint\",\"urlTemplate\":\"https:\/\/360giornaleluiss.it\/blog\/?s={search_term_string}\"},\"query-input\":\"required name=search_term_string\"}],\"inLanguage\":\"it-IT\"}]}<\/script>\n<!-- \/ Yoast SEO plugin. -->","yoast_head_json":{"title":"Cystonorm acquista capsule per cistite su 360giornaleluiss","robots":{"index":"index","follow":"follow","max-snippet":"max-snippet:-1","max-image-preview":"max-image-preview:large","max-video-preview":"max-video-preview:-1"},"canonical":"http:\/\/360giornaleluiss.it\/blog\/product\/cystonorm\/","og_locale":"it_IT","og_type":"article","og_title":"Cystonorm acquista capsule per cistite su 360giornaleluiss","og_description":"Cystonorm \u00e8 un integratore naturale in capsule che aiuta a lenire i problemi della vescica e prevenire disturbi genito-urinari. Grazie alla sua formula ricca di ingredienti biologici, ha ricevuto recensioni positive da parte degli utenti soddisfatti.","og_url":"http:\/\/360giornaleluiss.it\/blog\/product\/cystonorm\/","og_site_name":"360giornaleluiss","article_modified_time":"2024-10-30T15:54:26+00:00","og_image":[{"url":"http:\/\/360giornaleluiss.it\/blog\/wp-content\/uploads\/2023\/12\/Cystonorm-1.jpg"}],"twitter_card":"summary_large_image","twitter_misc":{"Tempo di lettura stimato":"9 minuti"},"schema":{"@context":"https:\/\/schema.org","@graph":[{"@type":"WebPage","@id":"http:\/\/360giornaleluiss.it\/blog\/product\/cystonorm\/","url":"http:\/\/360giornaleluiss.it\/blog\/product\/cystonorm\/","name":"Cystonorm acquista capsule per cistite su 360giornaleluiss","isPartOf":{"@id":"https:\/\/360giornaleluiss.it\/blog\/#website"},"datePublished":"2024-10-26T17:41:28+00:00","dateModified":"2024-10-30T15:54:26+00:00","breadcrumb":{"@id":"http:\/\/360giornaleluiss.it\/blog\/product\/cystonorm\/#breadcrumb"},"inLanguage":"it-IT","potentialAction":[{"@type":"ReadAction","target":["http:\/\/360giornaleluiss.it\/blog\/product\/cystonorm\/"]}]},{"@type":"BreadcrumbList","@id":"http:\/\/360giornaleluiss.it\/blog\/product\/cystonorm\/#breadcrumb","itemListElement":[{"@type":"ListItem","position":1,"name":"Home","item":"https:\/\/360giornaleluiss.it\/blog\/"},{"@type":"ListItem","position":2,"name":"Shop","item":"https:\/\/360giornaleluiss.it\/blog\/"},{"@type":"ListItem","position":3,"name":"Cystonorm"}]},{"@type":"WebSite","@id":"https:\/\/360giornaleluiss.it\/blog\/#website","url":"https:\/\/360giornaleluiss.it\/blog\/","name":"360giornaleluiss","description":"blog","potentialAction":[{"@type":"SearchAction","target":{"@type":"EntryPoint","urlTemplate":"https:\/\/360giornaleluiss.it\/blog\/?s={search_term_string}"},"query-input":"required name=search_term_string"}],"inLanguage":"it-IT"}]}},"_links":{"self":[{"href":"https:\/\/360giornaleluiss.it\/blog\/wp-json\/wp\/v2\/product\/71"}],"collection":[{"href":"https:\/\/360giornaleluiss.it\/blog\/wp-json\/wp\/v2\/product"}],"about":[{"href":"https:\/\/360giornaleluiss.it\/blog\/wp-json\/wp\/v2\/types\/product"}],"replies":[{"embeddable":true,"href":"https:\/\/360giornaleluiss.it\/blog\/wp-json\/wp\/v2\/comments?post=71"}],"wp:attachment":[{"href":"https:\/\/360giornaleluiss.it\/blog\/wp-json\/wp\/v2\/media?parent=71"}],"wp:term":[{"taxonomy":"product_cat","embeddable":true,"href":"https:\/\/360giornaleluiss.it\/blog\/wp-json\/wp\/v2\/product_cat?post=71"},{"taxonomy":"product_tag","embeddable":true,"href":"https:\/\/360giornaleluiss.it\/blog\/wp-json\/wp\/v2\/product_tag?post=71"}],"curies":[{"name":"wp","href":"https:\/\/api.w.org\/{rel}","templated":true}]}}